{"id":717,"date":"2024-06-13T10:42:15","date_gmt":"2024-06-13T08:42:15","guid":{"rendered":"https:\/\/kalan-cauxfilms.fr\/?page_id=717"},"modified":"2024-07-29T12:27:15","modified_gmt":"2024-07-29T10:27:15","slug":"nos-entreprises","status":"publish","type":"page","link":"https:\/\/kalan-cauxfilms.fr\/en\/nos-entreprises\/","title":{"rendered":"Our companies"},"content":{"rendered":"<p>[et_pb_section fb_built=&#8221;1&#8243; _builder_version=&#8221;4.25.2&#8243; _module_preset=&#8221;default&#8221; background_color=&#8221;RGBA(255,255,255,0)&#8221; background_image=&#8221;https:\/\/kalan-cauxfilms.fr\/wp-content\/uploads\/2024\/06\/illustration-rond-1.webp&#8221; background_size=&#8221;custom&#8221; background_image_width=&#8221;15%&#8221; background_position=&#8221;top_left&#8221; background_horizontal_offset=&#8221;-7%&#8221; background_vertical_offset=&#8221;20%&#8221; custom_margin=&#8221;||0px|||&#8221; custom_padding=&#8221;5px||0px|||&#8221; locked=&#8221;off&#8221; global_colors_info=&#8221;{}&#8221;][et_pb_row column_structure=&#8221;1_2,1_2&#8243; make_equal=&#8221;on&#8221; module_id=&#8221;header-ligne&#8221; _builder_version=&#8221;4.25.2&#8243; _module_preset=&#8221;default&#8221; background_color=&#8221;RGBA(255,255,255,0)&#8221; custom_padding=&#8221;||6px|||&#8221; global_colors_info=&#8221;{}&#8221;][et_pb_column type=&#8221;1_2&#8243; module_class=&#8221;centrer-verticalement&#8221; _builder_version=&#8221;4.25.2&#8243; _module_preset=&#8221;default&#8221; background_color=&#8221;RGBA(255,255,255,0)&#8221; custom_padding_tablet=&#8221;&#8221; custom_padding_phone=&#8221;0px||||false|false&#8221; custom_padding_last_edited=&#8221;on|phone&#8221; global_colors_info=&#8221;{}&#8221;][et_pb_post_title meta=&#8221;off&#8221; featured_image=&#8221;off&#8221; _builder_version=&#8221;4.25.2&#8243; _module_preset=&#8221;default&#8221; title_font=&#8221;|800|||||||&#8221; title_font_size=&#8221;51px&#8221; title_font_size_tablet=&#8221;45px&#8221; title_font_size_phone=&#8221;35px&#8221; title_font_size_last_edited=&#8221;on|phone&#8221; global_colors_info=&#8221;{}&#8221;][\/et_pb_post_title][et_pb_text module_class=&#8221;text-line-before&#8221; _builder_version=&#8221;4.25.2&#8243; _module_preset=&#8221;default&#8221; text_font=&#8221;&#8211;et_global_body_font||||||||&#8221; header_font=&#8221;|800|||||||&#8221; header_font_size=&#8221;51px&#8221; header_2_font=&#8221;|800|||||||&#8221; header_2_font_size=&#8221;35px&#8221; header_3_font=&#8221;|800|||||||&#8221; header_3_font_size=&#8221;25px&#8221; header_4_font=&#8221;|600|||||||&#8221; custom_margin=&#8221;0px|||40px|false|false&#8221; header_font_size_tablet=&#8221;45px&#8221; header_font_size_phone=&#8221;35px&#8221; header_font_size_last_edited=&#8221;on|phone&#8221; header_2_font_size_tablet=&#8221;30px&#8221; header_2_font_size_phone=&#8221;24px&#8221; header_2_font_size_last_edited=&#8221;on|phone&#8221; header_3_font_size_tablet=&#8221;22px&#8221; header_3_font_size_phone=&#8221;20px&#8221; header_3_font_size_last_edited=&#8221;on|desktop&#8221; header_4_font_size_tablet=&#8221;17px&#8221; header_4_font_size_phone=&#8221;16px&#8221; header_4_font_size_last_edited=&#8221;on|phone&#8221; locked=&#8221;off&#8221; global_colors_info=&#8221;{}&#8221; link_text_color__hover_enabled=&#8221;on|hover&#8221;]<\/p>\n<h4>Our companies, who are historically based in Western France, have many years of expertise in plastics processing.  They support and cooperate with each other, enabling a smooth manufacturing process.<\/h4>\n<p>[\/et_pb_text][\/et_pb_column][et_pb_column type=&#8221;1_2&#8243; module_class=&#8221;header-col-right&#8221; _builder_version=&#8221;4.25.2&#8243; _module_preset=&#8221;default&#8221; global_colors_info=&#8221;{}&#8221;][et_pb_de_mach_thumbnail link_product=&#8221;off&#8221; enable_title=&#8221;off&#8221; image_style=&#8221;no_overlay&#8221; module_class=&#8221;header-thumbnail&#8221; _builder_version=&#8221;4.25.2&#8243; _module_preset=&#8221;default&#8221; background_color=&#8221;RGBA(255,255,255,0)&#8221; global_colors_info=&#8221;{}&#8221;][\/et_pb_de_mach_thumbnail][\/et_pb_column][\/et_pb_row][\/et_pb_section][et_pb_section fb_built=&#8221;1&#8243; _builder_version=&#8221;4.25.2&#8243; _module_preset=&#8221;default&#8221; background_color=&#8221;gcid-2fa0c4f4-6d7b-438c-958a-8e8864e5bd04&#8243; background_image=&#8221;https:\/\/kalan-cauxfilms.fr\/wp-content\/uploads\/2024\/06\/cercle-en-bas-a-droite-produit-kalan.webp&#8221; background_size=&#8221;custom&#8221; background_image_width=&#8221;25%&#8221; background_position=&#8221;bottom_left&#8221; background_horizontal_offset=&#8221;-10%&#8221; background_vertical_offset=&#8221;-75%&#8221; transform_scale_tablet=&#8221;&#8221; transform_scale_phone=&#8221;&#8221; transform_scale_last_edited=&#8221;on|tablet&#8221; transform_translate_tablet=&#8221;0px|-80px&#8221; transform_translate_phone=&#8221;0px|-80px&#8221; transform_translate_last_edited=&#8221;on|tablet&#8221; transform_translate_linked=&#8221;off&#8221; transform_rotate_tablet=&#8221;&#8221; transform_rotate_phone=&#8221;&#8221; transform_rotate_last_edited=&#8221;on|desktop&#8221; transform_skew_tablet=&#8221;&#8221; transform_skew_phone=&#8221;&#8221; transform_skew_last_edited=&#8221;on|desktop&#8221; transform_origin_tablet=&#8221;&#8221; transform_origin_phone=&#8221;&#8221; transform_origin_last_edited=&#8221;on|desktop&#8221; transform_styles_last_edited=&#8221;on|tablet&#8221; custom_padding=&#8221;35px||5px|||&#8221; transform_styles_tablet=&#8221;&#8221; transform_styles_phone=&#8221;&#8221; locked=&#8221;off&#8221; global_colors_info=&#8221;{%22gcid-2fa0c4f4-6d7b-438c-958a-8e8864e5bd04%22:%91%22background_color%22%93}&#8221;][et_pb_row _builder_version=&#8221;4.25.2&#8243; _module_preset=&#8221;default&#8221; custom_padding=&#8221;55px||9px|||&#8221; global_colors_info=&#8221;{}&#8221;][et_pb_column type=&#8221;4_4&#8243; _builder_version=&#8221;4.25.2&#8243; _module_preset=&#8221;default&#8221; global_colors_info=&#8221;{}&#8221;][et_pb_text _builder_version=&#8221;4.25.2&#8243; _module_preset=&#8221;default&#8221; text_font=&#8221;&#8211;et_global_body_font||||||||&#8221; header_font=&#8221;|800|||||||&#8221; header_font_size=&#8221;51px&#8221; header_2_font=&#8221;|800|||||||&#8221; header_2_font_size=&#8221;35px&#8221; header_3_font=&#8221;|800|||||||&#8221; header_3_font_size=&#8221;25px&#8221; header_4_font=&#8221;|600|||||||&#8221; custom_margin=&#8221;||||false|false&#8221; header_font_size_tablet=&#8221;45px&#8221; header_font_size_phone=&#8221;35px&#8221; header_font_size_last_edited=&#8221;on|phone&#8221; header_2_font_size_tablet=&#8221;30px&#8221; header_2_font_size_phone=&#8221;24px&#8221; header_2_font_size_last_edited=&#8221;on|phone&#8221; header_3_font_size_tablet=&#8221;22px&#8221; header_3_font_size_phone=&#8221;20px&#8221; header_3_font_size_last_edited=&#8221;on|desktop&#8221; header_4_font_size_tablet=&#8221;17px&#8221; header_4_font_size_phone=&#8221;16px&#8221; header_4_font_size_last_edited=&#8221;on|phone&#8221; global_colors_info=&#8221;{}&#8221; link_text_color__hover_enabled=&#8221;on|hover&#8221;]<\/p>\n            <div id=\"page-carrefour-container\">\n                            <div class=\"single-page\">\n                    <a href=\"https:\/\/kalan-cauxfilms.fr\/en\/nos-entreprises\/kalan-caux-films\/\">\n                        <div class=\"page-thumbnail\"><img loading=\"lazy\" decoding=\"async\" width=\"1024\" height=\"578\" src=\"https:\/\/kalan-cauxfilms.fr\/wp-content\/uploads\/2024\/09\/kalan-et-caux-films-nos-entreprises-presentation-head-1024x578.webp\" class=\"attachment-large size-large wp-post-image\" alt=\"kalan et caux films nos entreprises pre\u0301sentation head\" srcset=\"https:\/\/kalan-cauxfilms.fr\/wp-content\/uploads\/2024\/09\/kalan-et-caux-films-nos-entreprises-presentation-head-980x553.webp 980w, https:\/\/kalan-cauxfilms.fr\/wp-content\/uploads\/2024\/09\/kalan-et-caux-films-nos-entreprises-presentation-head-480x271.webp 480w\" sizes=\"(min-width: 0px) and (max-width: 480px) 480px, (min-width: 481px) and (max-width: 980px) 980px, (min-width: 981px) 1024px, 100vw\" \/><\/div>\n                        <h4 class=\"page-title\">Kalan &amp; Caux Films<\/h4>\n                    <\/a>\n                <\/div>\n                            <div class=\"single-page\">\n                    <a href=\"https:\/\/kalan-cauxfilms.fr\/en\/nos-entreprises\/le-groupe\/\">\n                        <div class=\"page-thumbnail\"><img loading=\"lazy\" decoding=\"async\" width=\"1024\" height=\"582\" src=\"https:\/\/kalan-cauxfilms.fr\/wp-content\/uploads\/2024\/07\/pontivy-Kalan-et-Caux-Films-1024x582.webp\" class=\"attachment-large size-large wp-post-image\" alt=\"pontivy Kalan et Caux Films\" srcset=\"https:\/\/kalan-cauxfilms.fr\/wp-content\/uploads\/2024\/07\/pontivy-Kalan-et-Caux-Films-980x557.webp 980w, https:\/\/kalan-cauxfilms.fr\/wp-content\/uploads\/2024\/07\/pontivy-Kalan-et-Caux-Films-480x273.webp 480w\" sizes=\"(min-width: 0px) and (max-width: 480px) 480px, (min-width: 481px) and (max-width: 980px) 980px, (min-width: 981px) 1024px, 100vw\" \/><\/div>\n                        <h4 class=\"page-title\">The Group<\/h4>\n                    <\/a>\n                <\/div>\n                            <div class=\"single-page\">\n                    <a href=\"https:\/\/kalan-cauxfilms.fr\/en\/nos-entreprises\/nos-engagements\/\">\n                        <div class=\"page-thumbnail\"><img loading=\"lazy\" decoding=\"async\" width=\"1024\" height=\"576\" src=\"https:\/\/kalan-cauxfilms.fr\/wp-content\/uploads\/2024\/09\/les-engagements-Kalan-Caux-films-1024x576.webp\" class=\"attachment-large size-large wp-post-image\" alt=\"les-engagements-Kalan-Caux-films\" srcset=\"https:\/\/kalan-cauxfilms.fr\/wp-content\/uploads\/2024\/09\/les-engagements-Kalan-Caux-films-980x551.webp 980w, https:\/\/kalan-cauxfilms.fr\/wp-content\/uploads\/2024\/09\/les-engagements-Kalan-Caux-films-480x270.webp 480w\" sizes=\"(min-width: 0px) and (max-width: 480px) 480px, (min-width: 481px) and (max-width: 980px) 980px, (min-width: 981px) 1024px, 100vw\" \/><\/div>\n                        <h4 class=\"page-title\">Our commitments<\/h4>\n                    <\/a>\n                <\/div>\n                            <div class=\"single-page\">\n                    <a href=\"https:\/\/kalan-cauxfilms.fr\/en\/nos-entreprises\/nos-metiers\/\">\n                        <div class=\"page-thumbnail\"><img loading=\"lazy\" decoding=\"async\" width=\"1024\" height=\"683\" src=\"https:\/\/kalan-cauxfilms.fr\/wp-content\/uploads\/2024\/09\/kalan-caux-films-celtipack-nos-metiers-1024x683.webp\" class=\"attachment-large size-large wp-post-image\" alt=\"kalan-caux-films-celtipack-nos-metiers\" srcset=\"https:\/\/kalan-cauxfilms.fr\/wp-content\/uploads\/2024\/09\/kalan-caux-films-celtipack-nos-metiers-980x654.webp 980w, https:\/\/kalan-cauxfilms.fr\/wp-content\/uploads\/2024\/09\/kalan-caux-films-celtipack-nos-metiers-480x320.webp 480w\" sizes=\"(min-width: 0px) and (max-width: 480px) 480px, (min-width: 481px) and (max-width: 980px) 980px, (min-width: 981px) 1024px, 100vw\" \/><\/div>\n                        <h4 class=\"page-title\">Our professions<\/h4>\n                    <\/a>\n                <\/div>\n                    <\/div>\n        \n<p>[\/et_pb_text][\/et_pb_column][\/et_pb_row][\/et_pb_section]<\/p>","protected":false},"excerpt":{"rendered":"<p>Kalan et Caux Films produisent des films \u00e9tirables qualit\u00e9 pour l&#8217;emballage alimentaire. Nous exportons nos produits \u00e0 l&#8217;international.<\/p>","protected":false},"author":1,"featured_media":1547,"parent":0,"menu_order":1,"comment_status":"closed","ping_status":"closed","template":"","meta":{"_et_pb_use_builder":"on","_et_pb_old_content":"","_et_gb_content_width":"","_monsterinsights_skip_tracking":false,"_monsterinsights_sitenote_active":false,"_monsterinsights_sitenote_note":"","_monsterinsights_sitenote_category":0,"footnotes":""},"class_list":["post-717","page","type-page","status-publish","has-post-thumbnail","hentry"],"acf":[],"yoast_head":"<!-- This site is optimized with the Yoast SEO plugin v25.9 - https:\/\/yoast.com\/wordpress\/plugins\/seo\/ -->\n<title>Nos entreprises \u2022 Kalan et Caux Films - Fabrication de film \u00e9tirable<\/title>\n<meta name=\"description\" content=\"Kalan et Caux Films produisent des films \u00e9tirables qualit\u00e9 pour l&#039;emballage alimentaire. Nous exportons nos produits \u00e0 l&#039;international.\" \/>\n<meta name=\"robots\" content=\"index, follow, max-snippet:-1, max-image-preview:large, max-video-preview:-1\" \/>\n<link rel=\"canonical\" href=\"https:\/\/kalan-cauxfilms.fr\/en\/nos-entreprises\/\" \/>\n<script type=\"application\/ld+json\" class=\"yoast-schema-graph\">{\"@context\":\"https:\/\/schema.org\",\"@graph\":[{\"@type\":\"WebPage\",\"@id\":\"https:\/\/kalan-cauxfilms.fr\/nos-entreprises\/\",\"url\":\"https:\/\/kalan-cauxfilms.fr\/nos-entreprises\/\",\"name\":\"Nos entreprises \u2022 Kalan et Caux Films - Fabrication de film \u00e9tirable\",\"isPartOf\":{\"@id\":\"https:\/\/kalan-cauxfilms.fr\/#website\"},\"primaryImageOfPage\":{\"@id\":\"https:\/\/kalan-cauxfilms.fr\/nos-entreprises\/#primaryimage\"},\"image\":{\"@id\":\"https:\/\/kalan-cauxfilms.fr\/nos-entreprises\/#primaryimage\"},\"thumbnailUrl\":\"https:\/\/kalan-cauxfilms.fr\/wp-content\/uploads\/2024\/07\/Header-entreprise-Kalan-Caux-films.webp\",\"datePublished\":\"2024-06-13T08:42:15+00:00\",\"dateModified\":\"2024-07-29T10:27:15+00:00\",\"description\":\"Kalan et Caux Films produisent des films \u00e9tirables qualit\u00e9 pour l'emballage alimentaire. Nous exportons nos produits \u00e0 l'international.\",\"breadcrumb\":{\"@id\":\"https:\/\/kalan-cauxfilms.fr\/nos-entreprises\/#breadcrumb\"},\"inLanguage\":\"en-GB\",\"potentialAction\":[{\"@type\":\"ReadAction\",\"target\":[\"https:\/\/kalan-cauxfilms.fr\/nos-entreprises\/\"]}]},{\"@type\":\"ImageObject\",\"inLanguage\":\"en-GB\",\"@id\":\"https:\/\/kalan-cauxfilms.fr\/nos-entreprises\/#primaryimage\",\"url\":\"https:\/\/kalan-cauxfilms.fr\/wp-content\/uploads\/2024\/07\/Header-entreprise-Kalan-Caux-films.webp\",\"contentUrl\":\"https:\/\/kalan-cauxfilms.fr\/wp-content\/uploads\/2024\/07\/Header-entreprise-Kalan-Caux-films.webp\",\"width\":1920,\"height\":1079,\"caption\":\"Header entreprise - Kalan Caux films\"},{\"@type\":\"BreadcrumbList\",\"@id\":\"https:\/\/kalan-cauxfilms.fr\/nos-entreprises\/#breadcrumb\",\"itemListElement\":[{\"@type\":\"ListItem\",\"position\":1,\"name\":\"Accueil\",\"item\":\"https:\/\/kalan-cauxfilms.fr\/\"},{\"@type\":\"ListItem\",\"position\":2,\"name\":\"Nos entreprises\"}]},{\"@type\":\"WebSite\",\"@id\":\"https:\/\/kalan-cauxfilms.fr\/#website\",\"url\":\"https:\/\/kalan-cauxfilms.fr\/\",\"name\":\"Kalan &amp; Caux Films\",\"description\":\"Sp\u00e9cialiste de la production de films \u00e9tirables\",\"publisher\":{\"@id\":\"https:\/\/kalan-cauxfilms.fr\/#organization\"},\"potentialAction\":[{\"@type\":\"SearchAction\",\"target\":{\"@type\":\"EntryPoint\",\"urlTemplate\":\"https:\/\/kalan-cauxfilms.fr\/?s={search_term_string}\"},\"query-input\":{\"@type\":\"PropertyValueSpecification\",\"valueRequired\":true,\"valueName\":\"search_term_string\"}}],\"inLanguage\":\"en-GB\"},{\"@type\":\"Organization\",\"@id\":\"https:\/\/kalan-cauxfilms.fr\/#organization\",\"name\":\"Cr\u00e9ation de site internet\",\"url\":\"https:\/\/kalan-cauxfilms.fr\/\",\"logo\":{\"@type\":\"ImageObject\",\"inLanguage\":\"en-GB\",\"@id\":\"https:\/\/kalan-cauxfilms.fr\/#\/schema\/logo\/image\/\",\"url\":\"https:\/\/kalan-cauxfilms.fr\/wp-content\/uploads\/2023\/02\/Logo-Breizh-tandem.webp\",\"contentUrl\":\"https:\/\/kalan-cauxfilms.fr\/wp-content\/uploads\/2023\/02\/Logo-Breizh-tandem.webp\",\"width\":581,\"height\":243,\"caption\":\"Cr\u00e9ation de site internet\"},\"image\":{\"@id\":\"https:\/\/kalan-cauxfilms.fr\/#\/schema\/logo\/image\/\"},\"sameAs\":[\"https:\/\/www.facebook.com\/Breizhtandem.agence\/\",\"https:\/\/www.instagram.com\/breizhtandem\/?hl=fr\",\"https:\/\/www.linkedin.com\/company\/breizh-tandem\/?originalSubdomain=fr\"]}]}<\/script>\n<!-- \/ Yoast SEO plugin. -->","yoast_head_json":{"title":"Nos entreprises \u2022 Kalan et Caux Films - Fabrication de film \u00e9tirable","description":"Kalan et Caux Films produisent des films \u00e9tirables qualit\u00e9 pour l'emballage alimentaire. Nous exportons nos produits \u00e0 l'international.","robots":{"index":"index","follow":"follow","max-snippet":"max-snippet:-1","max-image-preview":"max-image-preview:large","max-video-preview":"max-video-preview:-1"},"canonical":"https:\/\/kalan-cauxfilms.fr\/en\/nos-entreprises\/","schema":{"@context":"https:\/\/schema.org","@graph":[{"@type":"WebPage","@id":"https:\/\/kalan-cauxfilms.fr\/nos-entreprises\/","url":"https:\/\/kalan-cauxfilms.fr\/nos-entreprises\/","name":"Nos entreprises \u2022 Kalan et Caux Films - Fabrication de film \u00e9tirable","isPartOf":{"@id":"https:\/\/kalan-cauxfilms.fr\/#website"},"primaryImageOfPage":{"@id":"https:\/\/kalan-cauxfilms.fr\/nos-entreprises\/#primaryimage"},"image":{"@id":"https:\/\/kalan-cauxfilms.fr\/nos-entreprises\/#primaryimage"},"thumbnailUrl":"https:\/\/kalan-cauxfilms.fr\/wp-content\/uploads\/2024\/07\/Header-entreprise-Kalan-Caux-films.webp","datePublished":"2024-06-13T08:42:15+00:00","dateModified":"2024-07-29T10:27:15+00:00","description":"Kalan et Caux Films produisent des films \u00e9tirables qualit\u00e9 pour l'emballage alimentaire. Nous exportons nos produits \u00e0 l'international.","breadcrumb":{"@id":"https:\/\/kalan-cauxfilms.fr\/nos-entreprises\/#breadcrumb"},"inLanguage":"en-GB","potentialAction":[{"@type":"ReadAction","target":["https:\/\/kalan-cauxfilms.fr\/nos-entreprises\/"]}]},{"@type":"ImageObject","inLanguage":"en-GB","@id":"https:\/\/kalan-cauxfilms.fr\/nos-entreprises\/#primaryimage","url":"https:\/\/kalan-cauxfilms.fr\/wp-content\/uploads\/2024\/07\/Header-entreprise-Kalan-Caux-films.webp","contentUrl":"https:\/\/kalan-cauxfilms.fr\/wp-content\/uploads\/2024\/07\/Header-entreprise-Kalan-Caux-films.webp","width":1920,"height":1079,"caption":"Header entreprise - Kalan Caux films"},{"@type":"BreadcrumbList","@id":"https:\/\/kalan-cauxfilms.fr\/nos-entreprises\/#breadcrumb","itemListElement":[{"@type":"ListItem","position":1,"name":"Accueil","item":"https:\/\/kalan-cauxfilms.fr\/"},{"@type":"ListItem","position":2,"name":"Nos entreprises"}]},{"@type":"WebSite","@id":"https:\/\/kalan-cauxfilms.fr\/#website","url":"https:\/\/kalan-cauxfilms.fr\/","name":"Kalan &amp; Caux Films","description":"Sp\u00e9cialiste de la production de films \u00e9tirables","publisher":{"@id":"https:\/\/kalan-cauxfilms.fr\/#organization"},"potentialAction":[{"@type":"SearchAction","target":{"@type":"EntryPoint","urlTemplate":"https:\/\/kalan-cauxfilms.fr\/?s={search_term_string}"},"query-input":{"@type":"PropertyValueSpecification","valueRequired":true,"valueName":"search_term_string"}}],"inLanguage":"en-GB"},{"@type":"Organization","@id":"https:\/\/kalan-cauxfilms.fr\/#organization","name":"Cr\u00e9ation de site internet","url":"https:\/\/kalan-cauxfilms.fr\/","logo":{"@type":"ImageObject","inLanguage":"en-GB","@id":"https:\/\/kalan-cauxfilms.fr\/#\/schema\/logo\/image\/","url":"https:\/\/kalan-cauxfilms.fr\/wp-content\/uploads\/2023\/02\/Logo-Breizh-tandem.webp","contentUrl":"https:\/\/kalan-cauxfilms.fr\/wp-content\/uploads\/2023\/02\/Logo-Breizh-tandem.webp","width":581,"height":243,"caption":"Cr\u00e9ation de site internet"},"image":{"@id":"https:\/\/kalan-cauxfilms.fr\/#\/schema\/logo\/image\/"},"sameAs":["https:\/\/www.facebook.com\/Breizhtandem.agence\/","https:\/\/www.instagram.com\/breizhtandem\/?hl=fr","https:\/\/www.linkedin.com\/company\/breizh-tandem\/?originalSubdomain=fr"]}]}},"_links":{"self":[{"href":"https:\/\/kalan-cauxfilms.fr\/en\/wp-json\/wp\/v2\/pages\/717","targetHints":{"allow":["GET"]}}],"collection":[{"href":"https:\/\/kalan-cauxfilms.fr\/en\/wp-json\/wp\/v2\/pages"}],"about":[{"href":"https:\/\/kalan-cauxfilms.fr\/en\/wp-json\/wp\/v2\/types\/page"}],"author":[{"embeddable":true,"href":"https:\/\/kalan-cauxfilms.fr\/en\/wp-json\/wp\/v2\/users\/1"}],"replies":[{"embeddable":true,"href":"https:\/\/kalan-cauxfilms.fr\/en\/wp-json\/wp\/v2\/comments?post=717"}],"version-history":[{"count":12,"href":"https:\/\/kalan-cauxfilms.fr\/en\/wp-json\/wp\/v2\/pages\/717\/revisions"}],"predecessor-version":[{"id":1571,"href":"https:\/\/kalan-cauxfilms.fr\/en\/wp-json\/wp\/v2\/pages\/717\/revisions\/1571"}],"wp:featuredmedia":[{"embeddable":true,"href":"https:\/\/kalan-cauxfilms.fr\/en\/wp-json\/wp\/v2\/media\/1547"}],"wp:attachment":[{"href":"https:\/\/kalan-cauxfilms.fr\/en\/wp-json\/wp\/v2\/media?parent=717"}],"curies":[{"name":"wp","href":"https:\/\/api.w.org\/{rel}","templated":true}]}}